{"id":239383,"date":"2023-11-02T01:36:03","date_gmt":"2023-11-02T01:36:03","guid":{"rendered":"https:\/\/standagainstdv.net\/?page_id=239383"},"modified":"2023-11-10T13:32:44","modified_gmt":"2023-11-10T13:32:44","slug":"the-red-chair-project","status":"publish","type":"page","link":"https:\/\/standagainstdv.net\/es_ar\/the-red-chair-project\/","title":{"rendered":"Proyecto de la Silla Roja"},"content":{"rendered":"<p>[et_pb_section fb_built=&#8221;1&#8243; _builder_version=&#8221;4.23&#8243; _module_preset=&#8221;default&#8221; background_color=&#8221;RGBA(255,255,255,0)&#8221; background_enable_image=&#8221;off&#8221; parallax=&#8221;on&#8221; top_divider_style=&#8221;slant2&#8243; top_divider_color=&#8221;#000000&#8243; global_colors_info=&#8221;{}&#8221;][et_pb_row make_equal=&#8221;on&#8221; _builder_version=&#8221;4.23&#8243; _module_preset=&#8221;default&#8221; max_width=&#8221;960px&#8221; module_alignment=&#8221;right&#8221; module_alignment_tablet=&#8221;center&#8221; module_alignment_phone=&#8221;center&#8221; module_alignment_last_edited=&#8221;on|tablet&#8221; global_colors_info=&#8221;{}&#8221;][et_pb_column type=&#8221;4_4&#8243; _builder_version=&#8221;4.23&#8243; _module_preset=&#8221;default&#8221; global_colors_info=&#8221;{}&#8221;][et_pb_blurb title=&#8221;The Red Chair Project&#8221; _builder_version=&#8221;4.23&#8243; _module_preset=&#8221;default&#8221; header_level=&#8221;h1&#8243; header_font=&#8221;Oswald||||||||&#8221; header_text_color=&#8221;#ed3141&#8243; header_font_size=&#8221;80px&#8221; custom_css_free_form=&#8221;.et_pb_module_header { margin-bottom: 18px ; }&#8221; global_colors_info=&#8221;{}&#8221;]<\/p>\n<p>The Red Chair Project is a campaign that runs each year during the UN&#8217;s 16 Days of Activism Against Gender-Based Violence. It involves reserving an empty chair in a public place, alongside information about domestic abuse and violence against women. The empty chair acts as a powerful symbol of the many women who&#8217;ve been killed through gender-based violence &#8211; women who should still be with us today.<\/p>\n<p>[\/et_pb_blurb][\/et_pb_column][\/et_pb_row][et_pb_row column_structure=&#8221;1_3,1_3,1_3&#8243; use_custom_gutter=&#8221;on&#8221; gutter_width=&#8221;1&#8243; make_equal=&#8221;on&#8221; _builder_version=&#8221;4.23&#8243; _module_preset=&#8221;default&#8221; max_width=&#8221;960px&#8221; module_alignment=&#8221;right&#8221; custom_padding=&#8221;|2em||2em|false|true&#8221; module_alignment_tablet=&#8221;center&#8221; module_alignment_phone=&#8221;center&#8221; module_alignment_last_edited=&#8221;on|tablet&#8221; global_colors_info=&#8221;{}&#8221;][et_pb_column type=&#8221;1_3&#8243; _builder_version=&#8221;4.23&#8243; _module_preset=&#8221;default&#8221; global_colors_info=&#8221;{}&#8221;][et_pb_image src=&#8221;https:\/\/standagainstdv.net\/wp-content\/uploads\/2023\/11\/1_wN0nIq3.width-1200.jpg&#8221; title_text=&#8221;1_wN0nIq3.width-1200&#8243; align=&#8221;center&#8221; _builder_version=&#8221;4.23&#8243; _module_preset=&#8221;default&#8221; box_shadow_style=&#8221;preset4&#8243; box_shadow_color=&#8221;rgba(237,18,37,0.5)&#8221; global_colors_info=&#8221;{}&#8221;][\/et_pb_image][\/et_pb_column][et_pb_column type=&#8221;1_3&#8243; _builder_version=&#8221;4.23&#8243; _module_preset=&#8221;default&#8221; global_colors_info=&#8221;{}&#8221;][et_pb_image src=&#8221;https:\/\/standagainstdv.net\/wp-content\/uploads\/2023\/11\/2_ZS9NSjF.width-1200.jpg&#8221; title_text=&#8221;2_ZS9NSjF.width-1200&#8243; align=&#8221;center&#8221; _builder_version=&#8221;4.23&#8243; _module_preset=&#8221;default&#8221; box_shadow_style=&#8221;preset4&#8243; box_shadow_color=&#8221;rgba(237,18,37,0.5)&#8221; global_colors_info=&#8221;{}&#8221;][\/et_pb_image][\/et_pb_column][et_pb_column type=&#8221;1_3&#8243; _builder_version=&#8221;4.23&#8243; _module_preset=&#8221;default&#8221; global_colors_info=&#8221;{}&#8221;][et_pb_image src=&#8221;https:\/\/standagainstdv.net\/wp-content\/uploads\/2023\/11\/3.width-1200.jpg&#8221; align=&#8221;center&#8221; _builder_version=&#8221;4.23&#8243; _module_preset=&#8221;default&#8221; box_shadow_style=&#8221;preset4&#8243; box_shadow_color=&#8221;rgba(237,18,37,0.5)&#8221; global_colors_info=&#8221;{}&#8221;][\/et_pb_image][\/et_pb_column][\/et_pb_row][et_pb_row make_equal=&#8221;on&#8221; _builder_version=&#8221;4.23&#8243; _module_preset=&#8221;default&#8221; max_width=&#8221;960px&#8221; module_alignment=&#8221;right&#8221; custom_padding=&#8221;|2em||2em|false|true&#8221; module_alignment_tablet=&#8221;center&#8221; module_alignment_phone=&#8221;center&#8221; module_alignment_last_edited=&#8221;on|tablet&#8221; global_colors_info=&#8221;{}&#8221;][et_pb_column type=&#8221;4_4&#8243; _builder_version=&#8221;4.23&#8243; _module_preset=&#8221;default&#8221; global_colors_info=&#8221;{}&#8221;][et_pb_text _builder_version=&#8221;4.23&#8243; _module_preset=&#8221;default&#8221; header_3_text_color=&#8221;#666666&#8243; header_3_font_size=&#8221;28px&#8221; global_colors_info=&#8221;{}&#8221;]<\/p>\n<h3>How can I join in?<\/h3>\n<p>[\/et_pb_text][et_pb_divider color=&#8221;#e80637&#8243; divider_weight=&#8221;2px&#8221; _builder_version=&#8221;4.23&#8243; _module_preset=&#8221;default&#8221; max_width=&#8221;80px&#8221; custom_margin=&#8221;|||-3em|false|false&#8221; global_colors_info=&#8221;{}&#8221;][\/et_pb_divider][et_pb_text _builder_version=&#8221;4.23&#8243; _module_preset=&#8221;default&#8221; global_colors_info=&#8221;{}&#8221;]<strong style=\"font-style: italic\">It couldn&#8217;t be simpler &#8211; all you need is a chair and a sign.<\/strong><\/p>\n<p>You could designate a chair in your church, at a local cafe, or even a public space like a park bench (remember to ask permission first if needed!). Using red fabric to cover the chair is really powerful, but if you can&#8217;t get hold of any, printing a sign and making sure the chair is left empty will still have impact. We&#8217;ve created a resources pack that contains everything you need to get involved.[\/et_pb_text][\/et_pb_column][\/et_pb_row][et_pb_row make_equal=&#8221;on&#8221; _builder_version=&#8221;4.23&#8243; _module_preset=&#8221;default&#8221; background_color=&#8221;#ffe8b2&#8243; max_width=&#8221;960px&#8221; module_alignment=&#8221;right&#8221; custom_padding=&#8221;|2em||2em|false|true&#8221; module_alignment_tablet=&#8221;center&#8221; module_alignment_phone=&#8221;center&#8221; module_alignment_last_edited=&#8221;on|tablet&#8221; box_shadow_style=&#8221;preset3&#8243; locked=&#8221;off&#8221; global_colors_info=&#8221;{}&#8221;][et_pb_column type=&#8221;4_4&#8243; _builder_version=&#8221;4.23&#8243; _module_preset=&#8221;default&#8221; global_colors_info=&#8221;{}&#8221;][et_pb_text _builder_version=&#8221;4.23&#8243; _module_preset=&#8221;default&#8221; text_font=&#8221;Times New Roman||||||||&#8221; text_font_size=&#8221;36px&#8221; text_line_height=&#8221;1.2em&#8221; module_alignment=&#8221;right&#8221; global_colors_info=&#8221;{}&#8221;]Please do share pictures of your Red Chair, either by emailing them to us, or better still, sharing them on social media. This way, you&#8217;ll connect your individual action with the larger voice of the project. Don&#8217;t forget to use the hashtag <span style=\"color:#ed3141\">#notodomesticviolence<\/span>, and tag us in your posts so we can see them![\/et_pb_text][\/et_pb_column][\/et_pb_row][et_pb_row make_equal=&#8221;on&#8221; _builder_version=&#8221;4.23&#8243; _module_preset=&#8221;default&#8221; max_width=&#8221;960px&#8221; module_alignment=&#8221;right&#8221; custom_padding=&#8221;|2em||2em|false|true&#8221; module_alignment_tablet=&#8221;center&#8221; module_alignment_phone=&#8221;center&#8221; module_alignment_last_edited=&#8221;on|tablet&#8221; global_colors_info=&#8221;{}&#8221;][et_pb_column type=&#8221;4_4&#8243; _builder_version=&#8221;4.23&#8243; _module_preset=&#8221;default&#8221; global_colors_info=&#8221;{}&#8221;][et_pb_text _builder_version=&#8221;4.23&#8243; _module_preset=&#8221;default&#8221; header_3_text_color=&#8221;#666666&#8243; header_3_font_size=&#8221;28px&#8221; global_colors_info=&#8221;{}&#8221;]<\/p>\n<h3>Go a step further<\/h3>\n<p>[\/et_pb_text][et_pb_divider color=&#8221;#e80637&#8243; divider_weight=&#8221;2px&#8221; _builder_version=&#8221;4.23&#8243; _module_preset=&#8221;default&#8221; max_width=&#8221;80px&#8221; custom_margin=&#8221;|||-3em|false|false&#8221; global_colors_info=&#8221;{}&#8221;][\/et_pb_divider][et_pb_text _builder_version=&#8221;4.23&#8243; _module_preset=&#8221;default&#8221; global_colors_info=&#8221;{}&#8221;]<\/p>\n<p>This might be the first time your church or friends have thought about domestic abuse and violence against women. You could organise a short segment at in a church service during the 16 Days of Activism to talk and pray about domestic abuse. You could even devote a whole service to the issue, with a Red Chair, prayers, information, and a talk on healthy relationships using the preaching notes that are included in the Red Chair Pack, which you can download by clicking the button below.<\/p>\n<p>[\/et_pb_text][et_pb_text _builder_version=&#8221;4.23&#8243; _module_preset=&#8221;default&#8221; text_font=&#8221;||on||||||&#8221; text_font_size=&#8221;15px&#8221; global_colors_info=&#8221;{}&#8221;]<\/p>\n<p>(You will be taken to a new page)<\/p>\n<p>[\/et_pb_text][et_pb_button button_url=&#8221;https:\/\/www.restored-uk.org\/resource-directory\/red-chair-project-pack\/&#8221; button_text=&#8221;Click Here&#8221; _builder_version=&#8221;4.23&#8243; _module_preset=&#8221;default&#8221; custom_button=&#8221;on&#8221; button_text_color=&#8221;#FFFFFF&#8221; button_bg_color=&#8221;#ED3141&#8243; button_border_color=&#8221;#ED3141&#8243; global_colors_info=&#8221;{}&#8221; button_text_color__hover_enabled=&#8221;on|desktop&#8221; button_bg_color__hover_enabled=&#8221;on|hover&#8221; button_bg_color__hover=&#8221;RGBA(237,18,37,0.5)&#8221; button_bg_enable_color__hover=&#8221;on&#8221; button_border_color__hover_enabled=&#8221;on|hover&#8221; button_border_color__hover=&#8221;rgba(237,16,34,0.1)&#8221; button_text_color__hover=&#8221;#FFFFFF&#8221;][\/et_pb_button][\/et_pb_column][\/et_pb_row][et_pb_row make_equal=&#8221;on&#8221; _builder_version=&#8221;4.23&#8243; _module_preset=&#8221;default&#8221; max_width=&#8221;960px&#8221; module_alignment=&#8221;right&#8221; module_alignment_tablet=&#8221;center&#8221; module_alignment_phone=&#8221;center&#8221; module_alignment_last_edited=&#8221;on|tablet&#8221; global_colors_info=&#8221;{}&#8221;][et_pb_column type=&#8221;4_4&#8243; _builder_version=&#8221;4.23&#8243; _module_preset=&#8221;default&#8221; global_colors_info=&#8221;{}&#8221;][\/et_pb_column][\/et_pb_row][\/et_pb_section]<\/p>\n","protected":false},"excerpt":{"rendered":"<p>El Proyecto Silla Roja es una campa\u00f1a que se desarrolla cada a\u00f1o durante los 16 D\u00edas de Activismo contra la Violencia de G\u00e9nero de la ONU. <\/p>","protected":false},"author":2,"featured_media":239396,"parent":0,"menu_order":0,"comment_status":"closed","ping_status":"closed","template":"","meta":{"_et_pb_use_builder":"on","_et_pb_old_content":"","_et_gb_content_width":"","footnotes":""},"categories":[],"class_list":["post-239383","page","type-page","status-publish","has-post-thumbnail","hentry"],"_links":{"self":[{"href":"https:\/\/standagainstdv.net\/es_ar\/wp-json\/wp\/v2\/pages\/239383","targetHints":{"allow":["GET"]}}],"collection":[{"href":"https:\/\/standagainstdv.net\/es_ar\/wp-json\/wp\/v2\/pages"}],"about":[{"href":"https:\/\/standagainstdv.net\/es_ar\/wp-json\/wp\/v2\/types\/page"}],"author":[{"embeddable":true,"href":"https:\/\/standagainstdv.net\/es_ar\/wp-json\/wp\/v2\/users\/2"}],"replies":[{"embeddable":true,"href":"https:\/\/standagainstdv.net\/es_ar\/wp-json\/wp\/v2\/comments?post=239383"}],"version-history":[{"count":5,"href":"https:\/\/standagainstdv.net\/es_ar\/wp-json\/wp\/v2\/pages\/239383\/revisions"}],"predecessor-version":[{"id":239407,"href":"https:\/\/standagainstdv.net\/es_ar\/wp-json\/wp\/v2\/pages\/239383\/revisions\/239407"}],"wp:featuredmedia":[{"embeddable":true,"href":"https:\/\/standagainstdv.net\/es_ar\/wp-json\/wp\/v2\/media\/239396"}],"wp:attachment":[{"href":"https:\/\/standagainstdv.net\/es_ar\/wp-json\/wp\/v2\/media?parent=239383"}],"wp:term":[{"taxonomy":"category","embeddable":true,"href":"https:\/\/standagainstdv.net\/es_ar\/wp-json\/wp\/v2\/categories?post=239383"}],"curies":[{"name":"wp","href":"https:\/\/api.w.org\/{rel}","templated":true}]}}